{"id":850,"date":"2019-05-08T22:36:34","date_gmt":"2019-05-08T20:36:34","guid":{"rendered":"http:\/\/www.novatech-plastic.cz\/vyvoj\/"},"modified":"2019-11-18T15:30:56","modified_gmt":"2019-11-18T14:30:56","slug":"vyvoj","status":"publish","type":"page","link":"https:\/\/www.novatech-plastic.cz\/de\/vyvoj\/","title":{"rendered":"Entwicklung"},"content":{"rendered":"<p>Als zertifizierter Entwicklungslieferant der Volkswagen AG stellen wir Ihnen \u00a0unser Know-how bei der Entwicklung und Umsetzung ihrer Ziele zur Verf\u00fcgung. Unser Anspruch ist es nicht nur alle Anforderungen an das zu entwickelnde \u00a0Produkt zu 100% zu erf\u00fcllen und m\u00f6glichst zu verbessern, sondern auch ein hohes \u00a0Ma\u00df an Wirtschaftlichkeit schon w\u00e4hrend der Entwicklungsphase zu erreichen. Wir arbeiten mit allen g\u00e4ngigen Konstruktionsprogrammen wie z.B.<\/p>\n<p>AUTO CAD<br \/>\nCATIA<br \/>\nCREO 2<br \/>\nIGES<br \/>\nSTEP etc.<\/p>\n<p>Der Datenaustausch erfolgt \u00fcber gesicherte Verbindungen wie: VDA-ODETTE und KVS. Unterst\u00fctzende Simulationsprogramme wie Moldflow \u00a0oder CAD Mold f\u00fcr Verzugsberechnungen, F\u00fcllstudien, Glasfaserorientierung und Temperaturverteilung sind f\u00fcr uns eine Selbstverst\u00e4ndlichkeit.<\/p>\n","protected":false},"excerpt":{"rendered":"<p>Als zertifizierter Entwicklungslieferant der Volkswagen AG stellen wir Ihnen \u00a0unser Know-how bei der Entwicklung und Umsetzung ihrer Ziele zur Verf\u00fcgung. Unser Anspruch ist es nicht nur alle Anforderungen an das zu entwickelnde \u00a0Produkt zu 100% zu erf\u00fcllen und m\u00f6glichst zu verbessern, sondern auch ein hohes \u00a0Ma\u00df an Wirtschaftlichkeit schon w\u00e4hrend der Entwicklungsphase zu erreichen. Wir [&hellip;]<\/p>\n","protected":false},"author":1,"featured_media":605,"parent":0,"menu_order":0,"comment_status":"closed","ping_status":"closed","template":"template-development.php","meta":{"_acf_changed":false,"footnotes":""},"class_list":["post-850","page","type-page","status-publish","has-post-thumbnail","hentry"],"acf":[],"yoast_head":"<!-- This site is optimized with the Yoast SEO plugin v23.9 - https:\/\/yoast.com\/wordpress\/plugins\/seo\/ -->\n<title>Entwicklung - Novatech<\/title>\n<meta name=\"robots\" content=\"index, follow, max-snippet:-1, max-image-preview:large, max-video-preview:-1\" \/>\n<link rel=\"canonical\" href=\"https:\/\/www.novatech-plastic.cz\/de\/vyvoj\/\" \/>\n<meta property=\"og:locale\" content=\"de_DE\" \/>\n<meta property=\"og:type\" content=\"article\" \/>\n<meta property=\"og:title\" content=\"Entwicklung - Novatech\" \/>\n<meta property=\"og:description\" content=\"Als zertifizierter Entwicklungslieferant der Volkswagen AG stellen wir Ihnen \u00a0unser Know-how bei der Entwicklung und Umsetzung ihrer Ziele zur Verf\u00fcgung. Unser Anspruch ist es nicht nur alle Anforderungen an das zu entwickelnde \u00a0Produkt zu 100% zu erf\u00fcllen und m\u00f6glichst zu verbessern, sondern auch ein hohes \u00a0Ma\u00df an Wirtschaftlichkeit schon w\u00e4hrend der Entwicklungsphase zu erreichen. Wir [&hellip;]\" \/>\n<meta property=\"og:url\" content=\"https:\/\/www.novatech-plastic.cz\/de\/vyvoj\/\" \/>\n<meta property=\"og:site_name\" content=\"Novatech\" \/>\n<meta property=\"article:modified_time\" content=\"2019-11-18T14:30:56+00:00\" \/>\n<meta property=\"og:image\" content=\"https:\/\/www.novatech-plastic.cz\/wp-content\/uploads\/2019\/11\/DSC_4223-Labor.jpg\" \/>\n\t<meta property=\"og:image:width\" content=\"992\" \/>\n\t<meta property=\"og:image:height\" content=\"709\" \/>\n\t<meta property=\"og:image:type\" content=\"image\/jpeg\" \/>\n<meta name=\"twitter:card\" content=\"summary_large_image\" \/>\n<meta name=\"twitter:label1\" content=\"Gesch\u00e4tzte Lesezeit\" \/>\n\t<meta name=\"twitter:data1\" content=\"1\u00a0Minute\" \/>\n<script type=\"application\/ld+json\" class=\"yoast-schema-graph\">{\"@context\":\"https:\/\/schema.org\",\"@graph\":[{\"@type\":\"WebPage\",\"@id\":\"https:\/\/www.novatech-plastic.cz\/de\/vyvoj\/\",\"url\":\"https:\/\/www.novatech-plastic.cz\/de\/vyvoj\/\",\"name\":\"Entwicklung - Novatech\",\"isPartOf\":{\"@id\":\"https:\/\/www.novatech-plastic.cz\/#website\"},\"primaryImageOfPage\":{\"@id\":\"https:\/\/www.novatech-plastic.cz\/de\/vyvoj\/#primaryimage\"},\"image\":{\"@id\":\"https:\/\/www.novatech-plastic.cz\/de\/vyvoj\/#primaryimage\"},\"thumbnailUrl\":\"https:\/\/www.novatech-plastic.cz\/wp-content\/uploads\/2019\/11\/DSC_4223-Labor.jpg\",\"datePublished\":\"2019-05-08T20:36:34+00:00\",\"dateModified\":\"2019-11-18T14:30:56+00:00\",\"breadcrumb\":{\"@id\":\"https:\/\/www.novatech-plastic.cz\/de\/vyvoj\/#breadcrumb\"},\"inLanguage\":\"de\",\"potentialAction\":[{\"@type\":\"ReadAction\",\"target\":[\"https:\/\/www.novatech-plastic.cz\/de\/vyvoj\/\"]}]},{\"@type\":\"ImageObject\",\"inLanguage\":\"de\",\"@id\":\"https:\/\/www.novatech-plastic.cz\/de\/vyvoj\/#primaryimage\",\"url\":\"https:\/\/www.novatech-plastic.cz\/wp-content\/uploads\/2019\/11\/DSC_4223-Labor.jpg\",\"contentUrl\":\"https:\/\/www.novatech-plastic.cz\/wp-content\/uploads\/2019\/11\/DSC_4223-Labor.jpg\",\"width\":992,\"height\":709},{\"@type\":\"BreadcrumbList\",\"@id\":\"https:\/\/www.novatech-plastic.cz\/de\/vyvoj\/#breadcrumb\",\"itemListElement\":[{\"@type\":\"ListItem\",\"position\":1,\"name\":\"Dom\u016f\",\"item\":\"https:\/\/www.novatech-plastic.cz\/de\/\"},{\"@type\":\"ListItem\",\"position\":2,\"name\":\"Entwicklung\"}]},{\"@type\":\"WebSite\",\"@id\":\"https:\/\/www.novatech-plastic.cz\/#website\",\"url\":\"https:\/\/www.novatech-plastic.cz\/\",\"name\":\"Novatech\",\"description\":\"Dokonalost v technologii plast\u016f\",\"potentialAction\":[{\"@type\":\"SearchAction\",\"target\":{\"@type\":\"EntryPoint\",\"urlTemplate\":\"https:\/\/www.novatech-plastic.cz\/?s={search_term_string}\"},\"query-input\":{\"@type\":\"PropertyValueSpecification\",\"valueRequired\":true,\"valueName\":\"search_term_string\"}}],\"inLanguage\":\"de\"}]}<\/script>\n<!-- \/ Yoast SEO plugin. -->","yoast_head_json":{"title":"Entwicklung - Novatech","robots":{"index":"index","follow":"follow","max-snippet":"max-snippet:-1","max-image-preview":"max-image-preview:large","max-video-preview":"max-video-preview:-1"},"canonical":"https:\/\/www.novatech-plastic.cz\/de\/vyvoj\/","og_locale":"de_DE","og_type":"article","og_title":"Entwicklung - Novatech","og_description":"Als zertifizierter Entwicklungslieferant der Volkswagen AG stellen wir Ihnen \u00a0unser Know-how bei der Entwicklung und Umsetzung ihrer Ziele zur Verf\u00fcgung. Unser Anspruch ist es nicht nur alle Anforderungen an das zu entwickelnde \u00a0Produkt zu 100% zu erf\u00fcllen und m\u00f6glichst zu verbessern, sondern auch ein hohes \u00a0Ma\u00df an Wirtschaftlichkeit schon w\u00e4hrend der Entwicklungsphase zu erreichen. Wir [&hellip;]","og_url":"https:\/\/www.novatech-plastic.cz\/de\/vyvoj\/","og_site_name":"Novatech","article_modified_time":"2019-11-18T14:30:56+00:00","og_image":[{"width":992,"height":709,"url":"https:\/\/www.novatech-plastic.cz\/wp-content\/uploads\/2019\/11\/DSC_4223-Labor.jpg","type":"image\/jpeg"}],"twitter_card":"summary_large_image","twitter_misc":{"Gesch\u00e4tzte Lesezeit":"1\u00a0Minute"},"schema":{"@context":"https:\/\/schema.org","@graph":[{"@type":"WebPage","@id":"https:\/\/www.novatech-plastic.cz\/de\/vyvoj\/","url":"https:\/\/www.novatech-plastic.cz\/de\/vyvoj\/","name":"Entwicklung - Novatech","isPartOf":{"@id":"https:\/\/www.novatech-plastic.cz\/#website"},"primaryImageOfPage":{"@id":"https:\/\/www.novatech-plastic.cz\/de\/vyvoj\/#primaryimage"},"image":{"@id":"https:\/\/www.novatech-plastic.cz\/de\/vyvoj\/#primaryimage"},"thumbnailUrl":"https:\/\/www.novatech-plastic.cz\/wp-content\/uploads\/2019\/11\/DSC_4223-Labor.jpg","datePublished":"2019-05-08T20:36:34+00:00","dateModified":"2019-11-18T14:30:56+00:00","breadcrumb":{"@id":"https:\/\/www.novatech-plastic.cz\/de\/vyvoj\/#breadcrumb"},"inLanguage":"de","potentialAction":[{"@type":"ReadAction","target":["https:\/\/www.novatech-plastic.cz\/de\/vyvoj\/"]}]},{"@type":"ImageObject","inLanguage":"de","@id":"https:\/\/www.novatech-plastic.cz\/de\/vyvoj\/#primaryimage","url":"https:\/\/www.novatech-plastic.cz\/wp-content\/uploads\/2019\/11\/DSC_4223-Labor.jpg","contentUrl":"https:\/\/www.novatech-plastic.cz\/wp-content\/uploads\/2019\/11\/DSC_4223-Labor.jpg","width":992,"height":709},{"@type":"BreadcrumbList","@id":"https:\/\/www.novatech-plastic.cz\/de\/vyvoj\/#breadcrumb","itemListElement":[{"@type":"ListItem","position":1,"name":"Dom\u016f","item":"https:\/\/www.novatech-plastic.cz\/de\/"},{"@type":"ListItem","position":2,"name":"Entwicklung"}]},{"@type":"WebSite","@id":"https:\/\/www.novatech-plastic.cz\/#website","url":"https:\/\/www.novatech-plastic.cz\/","name":"Novatech","description":"Dokonalost v technologii plast\u016f","potentialAction":[{"@type":"SearchAction","target":{"@type":"EntryPoint","urlTemplate":"https:\/\/www.novatech-plastic.cz\/?s={search_term_string}"},"query-input":{"@type":"PropertyValueSpecification","valueRequired":true,"valueName":"search_term_string"}}],"inLanguage":"de"}]}},"_links":{"self":[{"href":"https:\/\/www.novatech-plastic.cz\/de\/wp-json\/wp\/v2\/pages\/850","targetHints":{"allow":["GET"]}}],"collection":[{"href":"https:\/\/www.novatech-plastic.cz\/de\/wp-json\/wp\/v2\/pages"}],"about":[{"href":"https:\/\/www.novatech-plastic.cz\/de\/wp-json\/wp\/v2\/types\/page"}],"author":[{"embeddable":true,"href":"https:\/\/www.novatech-plastic.cz\/de\/wp-json\/wp\/v2\/users\/1"}],"replies":[{"embeddable":true,"href":"https:\/\/www.novatech-plastic.cz\/de\/wp-json\/wp\/v2\/comments?post=850"}],"version-history":[{"count":1,"href":"https:\/\/www.novatech-plastic.cz\/de\/wp-json\/wp\/v2\/pages\/850\/revisions"}],"predecessor-version":[{"id":851,"href":"https:\/\/www.novatech-plastic.cz\/de\/wp-json\/wp\/v2\/pages\/850\/revisions\/851"}],"wp:featuredmedia":[{"embeddable":true,"href":"https:\/\/www.novatech-plastic.cz\/de\/wp-json\/wp\/v2\/media\/605"}],"wp:attachment":[{"href":"https:\/\/www.novatech-plastic.cz\/de\/wp-json\/wp\/v2\/media?parent=850"}],"curies":[{"name":"wp","href":"https:\/\/api.w.org\/{rel}","templated":true}]}}