{"id":843,"date":"2019-05-08T22:18:54","date_gmt":"2019-05-08T20:18:54","guid":{"rendered":"http:\/\/www.novatech-plastic.cz\/zkusebni-stranka\/"},"modified":"2022-01-17T16:10:48","modified_gmt":"2022-01-17T15:10:48","slug":"zkusebni-stranka","status":"publish","type":"page","link":"https:\/\/www.novatech-plastic.cz\/de\/","title":{"rendered":"Homepage"},"content":{"rendered":"<h2 style=\"text-align: center;\">KOMPETENZ UND PERFEKTION IN DER KUNSTSTOFFTECHNIK<\/h2>\n<p style=\"text-align: center;\">Herzlich Willkommen bei Novatech, Ihrem zuverl\u00e4ssigen Partner f\u00fcr hochpr\u00e4zise Kunststoffteile.<\/p>\n<p style=\"text-align: center;\">Unser Firmensitz sowie die Produktionsst\u00e4tte befindet sich in der Mitte Europas. Hier stehen wir unseren Kunden seit \u00a0mehr als 20 Jahren mit Kompetenz und Erfahrung in der Fertigung anspruchsvoller Teile aus Kunststroff zur Verf\u00fcgung.<\/p>\n<p style=\"text-align: center;\">Vom Projektstart bis zur Serienfertigung erzeugen wir zielgerichtet und methodisch Produkte von hoher Qualit\u00e4t und optimaler Wirtschaftlichkeit, welche an Kunden weltweit geliefert werden.<\/p>\n<p style=\"text-align: center;\">Unseren vief\u00e4ltigen Kunden, welche wir mit technischen Bauteilen und Komponenten beliefern, bieten wir schnelle und ma\u00dfgeschneiderte L\u00f6sungen f\u00fcr Ihre Vorhaben in den Bereichen Entwicklung, Konstruktion, Prototypenbau und Produktion.<\/p>\n<p style=\"text-align: center;\">Der gr\u00f6\u00dfte Anteil\u00a0 unserer Kunden kommt aus der Automobilindustrie, einer Branche in der Innovation, Qualit\u00e4t und Flexibilit\u00e4t den Alltag bestimmen. Dem entsprechend sind unsere internen Abl\u00e4ufe aufgebaut, einschlie\u00dflich der hier g\u00e4ngigen Zertifizierungen.<\/p>\n<p style=\"text-align: center;\">Diese sind: \u00a0IATF 16949 \/ ISO 14001 \/ TISAX \/ CSR.\u00a0 Bei allen unseren Kunden sind wir als A-Lieferant gelistet\/ eingestuft.<\/p>\n<p style=\"text-align: center;\">Im VW-Konzern sind wir zus\u00e4tzlich noch als Entwicklungslieferant freigegeben.<\/p>\n","protected":false},"excerpt":{"rendered":"<p>KOMPETENZ UND PERFEKTION IN DER KUNSTSTOFFTECHNIK Herzlich Willkommen bei Novatech, Ihrem zuverl\u00e4ssigen Partner f\u00fcr hochpr\u00e4zise Kunststoffteile. Unser Firmensitz sowie die Produktionsst\u00e4tte befindet sich in der Mitte Europas. Hier stehen wir unseren Kunden seit \u00a0mehr als 20 Jahren mit Kompetenz und Erfahrung in der Fertigung anspruchsvoller Teile aus Kunststroff zur Verf\u00fcgung. Vom Projektstart bis zur Serienfertigung [&hellip;]<\/p>\n","protected":false},"author":1,"featured_media":0,"parent":0,"menu_order":0,"comment_status":"closed","ping_status":"open","template":"template-homepage.php","meta":{"_acf_changed":false,"footnotes":""},"class_list":["post-843","page","type-page","status-publish","hentry"],"acf":[],"yoast_head":"<!-- This site is optimized with the Yoast SEO plugin v23.9 - https:\/\/yoast.com\/wordpress\/plugins\/seo\/ -->\n<title>Homepage - Novatech<\/title>\n<meta name=\"robots\" content=\"index, follow, max-snippet:-1, max-image-preview:large, max-video-preview:-1\" \/>\n<link rel=\"canonical\" href=\"https:\/\/www.novatech-plastic.cz\/de\/\" \/>\n<meta property=\"og:locale\" content=\"de_DE\" \/>\n<meta property=\"og:type\" content=\"article\" \/>\n<meta property=\"og:title\" content=\"Homepage - Novatech\" \/>\n<meta property=\"og:description\" content=\"KOMPETENZ UND PERFEKTION IN DER KUNSTSTOFFTECHNIK Herzlich Willkommen bei Novatech, Ihrem zuverl\u00e4ssigen Partner f\u00fcr hochpr\u00e4zise Kunststoffteile. Unser Firmensitz sowie die Produktionsst\u00e4tte befindet sich in der Mitte Europas. Hier stehen wir unseren Kunden seit \u00a0mehr als 20 Jahren mit Kompetenz und Erfahrung in der Fertigung anspruchsvoller Teile aus Kunststroff zur Verf\u00fcgung. Vom Projektstart bis zur Serienfertigung [&hellip;]\" \/>\n<meta property=\"og:url\" content=\"https:\/\/www.novatech-plastic.cz\/de\/\" \/>\n<meta property=\"og:site_name\" content=\"Novatech\" \/>\n<meta property=\"article:modified_time\" content=\"2022-01-17T15:10:48+00:00\" \/>\n<meta name=\"twitter:card\" content=\"summary_large_image\" \/>\n<meta name=\"twitter:label1\" content=\"Gesch\u00e4tzte Lesezeit\" \/>\n\t<meta name=\"twitter:data1\" content=\"1\u00a0Minute\" \/>\n<script type=\"application\/ld+json\" class=\"yoast-schema-graph\">{\"@context\":\"https:\/\/schema.org\",\"@graph\":[{\"@type\":\"WebPage\",\"@id\":\"https:\/\/www.novatech-plastic.cz\/de\/\",\"url\":\"https:\/\/www.novatech-plastic.cz\/de\/\",\"name\":\"Homepage - Novatech\",\"isPartOf\":{\"@id\":\"https:\/\/www.novatech-plastic.cz\/#website\"},\"datePublished\":\"2019-05-08T20:18:54+00:00\",\"dateModified\":\"2022-01-17T15:10:48+00:00\",\"breadcrumb\":{\"@id\":\"https:\/\/www.novatech-plastic.cz\/de\/#breadcrumb\"},\"inLanguage\":\"de\",\"potentialAction\":[{\"@type\":\"ReadAction\",\"target\":[\"https:\/\/www.novatech-plastic.cz\/de\/\"]}]},{\"@type\":\"BreadcrumbList\",\"@id\":\"https:\/\/www.novatech-plastic.cz\/de\/#breadcrumb\",\"itemListElement\":[{\"@type\":\"ListItem\",\"position\":1,\"name\":\"Dom\u016f\",\"item\":\"https:\/\/www.novatech-plastic.cz\/de\/\"},{\"@type\":\"ListItem\",\"position\":2,\"name\":\"Homepage\"}]},{\"@type\":\"WebSite\",\"@id\":\"https:\/\/www.novatech-plastic.cz\/#website\",\"url\":\"https:\/\/www.novatech-plastic.cz\/\",\"name\":\"Novatech\",\"description\":\"Dokonalost v technologii plast\u016f\",\"potentialAction\":[{\"@type\":\"SearchAction\",\"target\":{\"@type\":\"EntryPoint\",\"urlTemplate\":\"https:\/\/www.novatech-plastic.cz\/?s={search_term_string}\"},\"query-input\":{\"@type\":\"PropertyValueSpecification\",\"valueRequired\":true,\"valueName\":\"search_term_string\"}}],\"inLanguage\":\"de\"}]}<\/script>\n<!-- \/ Yoast SEO plugin. -->","yoast_head_json":{"title":"Homepage - Novatech","robots":{"index":"index","follow":"follow","max-snippet":"max-snippet:-1","max-image-preview":"max-image-preview:large","max-video-preview":"max-video-preview:-1"},"canonical":"https:\/\/www.novatech-plastic.cz\/de\/","og_locale":"de_DE","og_type":"article","og_title":"Homepage - Novatech","og_description":"KOMPETENZ UND PERFEKTION IN DER KUNSTSTOFFTECHNIK Herzlich Willkommen bei Novatech, Ihrem zuverl\u00e4ssigen Partner f\u00fcr hochpr\u00e4zise Kunststoffteile. Unser Firmensitz sowie die Produktionsst\u00e4tte befindet sich in der Mitte Europas. Hier stehen wir unseren Kunden seit \u00a0mehr als 20 Jahren mit Kompetenz und Erfahrung in der Fertigung anspruchsvoller Teile aus Kunststroff zur Verf\u00fcgung. Vom Projektstart bis zur Serienfertigung [&hellip;]","og_url":"https:\/\/www.novatech-plastic.cz\/de\/","og_site_name":"Novatech","article_modified_time":"2022-01-17T15:10:48+00:00","twitter_card":"summary_large_image","twitter_misc":{"Gesch\u00e4tzte Lesezeit":"1\u00a0Minute"},"schema":{"@context":"https:\/\/schema.org","@graph":[{"@type":"WebPage","@id":"https:\/\/www.novatech-plastic.cz\/de\/","url":"https:\/\/www.novatech-plastic.cz\/de\/","name":"Homepage - Novatech","isPartOf":{"@id":"https:\/\/www.novatech-plastic.cz\/#website"},"datePublished":"2019-05-08T20:18:54+00:00","dateModified":"2022-01-17T15:10:48+00:00","breadcrumb":{"@id":"https:\/\/www.novatech-plastic.cz\/de\/#breadcrumb"},"inLanguage":"de","potentialAction":[{"@type":"ReadAction","target":["https:\/\/www.novatech-plastic.cz\/de\/"]}]},{"@type":"BreadcrumbList","@id":"https:\/\/www.novatech-plastic.cz\/de\/#breadcrumb","itemListElement":[{"@type":"ListItem","position":1,"name":"Dom\u016f","item":"https:\/\/www.novatech-plastic.cz\/de\/"},{"@type":"ListItem","position":2,"name":"Homepage"}]},{"@type":"WebSite","@id":"https:\/\/www.novatech-plastic.cz\/#website","url":"https:\/\/www.novatech-plastic.cz\/","name":"Novatech","description":"Dokonalost v technologii plast\u016f","potentialAction":[{"@type":"SearchAction","target":{"@type":"EntryPoint","urlTemplate":"https:\/\/www.novatech-plastic.cz\/?s={search_term_string}"},"query-input":{"@type":"PropertyValueSpecification","valueRequired":true,"valueName":"search_term_string"}}],"inLanguage":"de"}]}},"_links":{"self":[{"href":"https:\/\/www.novatech-plastic.cz\/de\/wp-json\/wp\/v2\/pages\/843","targetHints":{"allow":["GET"]}}],"collection":[{"href":"https:\/\/www.novatech-plastic.cz\/de\/wp-json\/wp\/v2\/pages"}],"about":[{"href":"https:\/\/www.novatech-plastic.cz\/de\/wp-json\/wp\/v2\/types\/page"}],"author":[{"embeddable":true,"href":"https:\/\/www.novatech-plastic.cz\/de\/wp-json\/wp\/v2\/users\/1"}],"replies":[{"embeddable":true,"href":"https:\/\/www.novatech-plastic.cz\/de\/wp-json\/wp\/v2\/comments?post=843"}],"version-history":[{"count":6,"href":"https:\/\/www.novatech-plastic.cz\/de\/wp-json\/wp\/v2\/pages\/843\/revisions"}],"predecessor-version":[{"id":1633,"href":"https:\/\/www.novatech-plastic.cz\/de\/wp-json\/wp\/v2\/pages\/843\/revisions\/1633"}],"wp:attachment":[{"href":"https:\/\/www.novatech-plastic.cz\/de\/wp-json\/wp\/v2\/media?parent=843"}],"curies":[{"name":"wp","href":"https:\/\/api.w.org\/{rel}","templated":true}]}}