{"id":840,"date":"2019-05-08T22:36:30","date_gmt":"2019-05-08T20:36:30","guid":{"rendered":"http:\/\/www.novatech-plastic.cz\/technicke-standarty\/"},"modified":"2019-11-18T15:42:59","modified_gmt":"2019-11-18T14:42:59","slug":"technicke-standarty","status":"publish","type":"page","link":"https:\/\/www.novatech-plastic.cz\/de\/technicke-standarty\/","title":{"rendered":"Technische Standards"},"content":{"rendered":"<p>Spritzgu\u00dfteile werden an von uns enwickelten Montageanlagen komplettiert und veredelt. Poka Yoke mittels Laser, optischer Abfragen, Magneten, Taster etc. ist Standard. Folgende Verfahren werden \u00fcblicherweise Inline angewendet:<\/p>\n<ul>\n<li>Vibrationsschwei\u00dfen, Ultraschallschwei\u00dfen, Rotationsschwei\u00dfen, Spiegelschwei\u00dfen, Druckdifferenzpr\u00fcfung, Montage sehr komplexer Bauteile, Unterwasserdichtheitspr\u00fcfung kombiniert mit Druckdifferenz<\/li>\n<\/ul>\n<p>&nbsp;<\/p>\n<div class=\"rl-gallery-container rl-loading\" id=\"rl-gallery-container-1\" data-gallery_id=\"536\"> <div class=\"rl-gallery rl-basicgrid-gallery \" id=\"rl-gallery-1\" data-gallery_no=\"1\"> <div class=\"rl-gallery-item\"><a href=\"https:\/\/www.novatech-plastic.cz\/wp-content\/uploads\/2019\/11\/9_4.jpg\" title=\"\" data-rl_title=\"\" class=\"rl-gallery-link\" data-rl_caption=\"\" data-rel=\"lightbox-gallery-1\" data-magnific_type=\"gallery\"><img loading=\"lazy\" decoding=\"async\" src=\"https:\/\/www.novatech-plastic.cz\/wp-content\/uploads\/2019\/11\/9_4-150x150.jpg\" width=\"150\" height=\"150\" alt=\"\"\/><\/a><\/div><div class=\"rl-gallery-item\"><a href=\"https:\/\/www.novatech-plastic.cz\/wp-content\/uploads\/2019\/11\/9_21.jpg\" title=\"\" data-rl_title=\"\" class=\"rl-gallery-link\" data-rl_caption=\"\" data-rel=\"lightbox-gallery-1\" data-magnific_type=\"gallery\"><img loading=\"lazy\" decoding=\"async\" src=\"https:\/\/www.novatech-plastic.cz\/wp-content\/uploads\/2019\/11\/9_21-150x150.jpg\" width=\"150\" height=\"150\" alt=\"\"\/><\/a><\/div><div class=\"rl-gallery-item\"><a href=\"https:\/\/www.novatech-plastic.cz\/wp-content\/uploads\/2019\/11\/9_17.jpg\" title=\"\" data-rl_title=\"\" class=\"rl-gallery-link\" data-rl_caption=\"\" data-rel=\"lightbox-gallery-1\" data-magnific_type=\"gallery\"><img loading=\"lazy\" decoding=\"async\" src=\"https:\/\/www.novatech-plastic.cz\/wp-content\/uploads\/2019\/11\/9_17-150x150.jpg\" width=\"150\" height=\"150\" alt=\"\"\/><\/a><\/div><div class=\"rl-gallery-item\"><a href=\"https:\/\/www.novatech-plastic.cz\/wp-content\/uploads\/2019\/11\/9_22.jpg\" title=\"\" data-rl_title=\"\" class=\"rl-gallery-link\" data-rl_caption=\"\" data-rel=\"lightbox-gallery-1\" data-magnific_type=\"gallery\"><img loading=\"lazy\" decoding=\"async\" src=\"https:\/\/www.novatech-plastic.cz\/wp-content\/uploads\/2019\/11\/9_22-150x150.jpg\" width=\"150\" height=\"150\" alt=\"\"\/><\/a><\/div><div class=\"rl-gallery-item\"><a href=\"https:\/\/www.novatech-plastic.cz\/wp-content\/uploads\/2019\/11\/9_11.jpg\" title=\"\" data-rl_title=\"\" class=\"rl-gallery-link\" data-rl_caption=\"\" data-rel=\"lightbox-gallery-1\" data-magnific_type=\"gallery\"><img loading=\"lazy\" decoding=\"async\" src=\"https:\/\/www.novatech-plastic.cz\/wp-content\/uploads\/2019\/11\/9_11-150x150.jpg\" width=\"150\" height=\"150\" alt=\"\"\/><\/a><\/div><div class=\"rl-gallery-item\"><a href=\"https:\/\/www.novatech-plastic.cz\/wp-content\/uploads\/2019\/11\/16_.jpg\" title=\"\" data-rl_title=\"\" class=\"rl-gallery-link\" data-rl_caption=\"\" data-rel=\"lightbox-gallery-1\" data-magnific_type=\"gallery\"><img loading=\"lazy\" decoding=\"async\" src=\"https:\/\/www.novatech-plastic.cz\/wp-content\/uploads\/2019\/11\/16_-150x150.jpg\" width=\"150\" height=\"150\" alt=\"\"\/><\/a><\/div><div class=\"rl-gallery-item\"><a href=\"https:\/\/www.novatech-plastic.cz\/wp-content\/uploads\/2019\/11\/9_13.jpg\" title=\"\" data-rl_title=\"\" class=\"rl-gallery-link\" data-rl_caption=\"\" data-rel=\"lightbox-gallery-1\" data-magnific_type=\"gallery\"><img loading=\"lazy\" decoding=\"async\" src=\"https:\/\/www.novatech-plastic.cz\/wp-content\/uploads\/2019\/11\/9_13-150x150.jpg\" width=\"150\" height=\"150\" alt=\"\"\/><\/a><\/div><div class=\"rl-gallery-item\"><a href=\"https:\/\/www.novatech-plastic.cz\/wp-content\/uploads\/2019\/11\/9_19.jpg\" title=\"\" data-rl_title=\"\" class=\"rl-gallery-link\" data-rl_caption=\"\" data-rel=\"lightbox-gallery-1\" data-magnific_type=\"gallery\"><img loading=\"lazy\" decoding=\"async\" src=\"https:\/\/www.novatech-plastic.cz\/wp-content\/uploads\/2019\/11\/9_19-150x150.jpg\" width=\"150\" height=\"150\" alt=\"\"\/><\/a><\/div><div class=\"rl-gallery-item\"><a href=\"https:\/\/www.novatech-plastic.cz\/wp-content\/uploads\/2019\/11\/9_20.jpg\" title=\"\" data-rl_title=\"\" class=\"rl-gallery-link\" data-rl_caption=\"\" data-rel=\"lightbox-gallery-1\" data-magnific_type=\"gallery\"><img loading=\"lazy\" decoding=\"async\" src=\"https:\/\/www.novatech-plastic.cz\/wp-content\/uploads\/2019\/11\/9_20-150x150.jpg\" width=\"150\" height=\"150\" alt=\"\"\/><\/a><\/div><div class=\"rl-gallery-item\"><a href=\"https:\/\/www.novatech-plastic.cz\/wp-content\/uploads\/2019\/11\/9_15.jpg\" title=\"\" data-rl_title=\"\" class=\"rl-gallery-link\" data-rl_caption=\"\" data-rel=\"lightbox-gallery-1\" data-magnific_type=\"gallery\"><img loading=\"lazy\" decoding=\"async\" src=\"https:\/\/www.novatech-plastic.cz\/wp-content\/uploads\/2019\/11\/9_15-150x150.jpg\" width=\"150\" height=\"150\" alt=\"\"\/><\/a><\/div><div class=\"rl-gallery-item\"><a href=\"https:\/\/www.novatech-plastic.cz\/wp-content\/uploads\/2019\/11\/9_23.jpg\" title=\"\" data-rl_title=\"\" class=\"rl-gallery-link\" data-rl_caption=\"\" data-rel=\"lightbox-gallery-1\" data-magnific_type=\"gallery\"><img loading=\"lazy\" decoding=\"async\" src=\"https:\/\/www.novatech-plastic.cz\/wp-content\/uploads\/2019\/11\/9_23-150x150.jpg\" width=\"150\" height=\"150\" alt=\"\"\/><\/a><\/div><div class=\"rl-gallery-item\"><a href=\"https:\/\/www.novatech-plastic.cz\/wp-content\/uploads\/2019\/11\/9_1.jpg\" title=\"\" data-rl_title=\"\" class=\"rl-gallery-link\" data-rl_caption=\"\" data-rel=\"lightbox-gallery-1\" data-magnific_type=\"gallery\"><img loading=\"lazy\" decoding=\"async\" src=\"https:\/\/www.novatech-plastic.cz\/wp-content\/uploads\/2019\/11\/9_1-150x150.jpg\" width=\"150\" height=\"150\" alt=\"\"\/><\/a><\/div><div class=\"rl-gallery-item\"><a href=\"https:\/\/www.novatech-plastic.cz\/wp-content\/uploads\/2019\/11\/9_8.jpg\" title=\"\" data-rl_title=\"\" class=\"rl-gallery-link\" data-rl_caption=\"\" data-rel=\"lightbox-gallery-1\" data-magnific_type=\"gallery\"><img loading=\"lazy\" decoding=\"async\" src=\"https:\/\/www.novatech-plastic.cz\/wp-content\/uploads\/2019\/11\/9_8-150x150.jpg\" width=\"150\" height=\"150\" alt=\"\"\/><\/a><\/div><div class=\"rl-gallery-item\"><a href=\"https:\/\/www.novatech-plastic.cz\/wp-content\/uploads\/2019\/11\/9_9.jpg\" title=\"\" data-rl_title=\"\" class=\"rl-gallery-link\" data-rl_caption=\"\" data-rel=\"lightbox-gallery-1\" data-magnific_type=\"gallery\"><img loading=\"lazy\" decoding=\"async\" src=\"https:\/\/www.novatech-plastic.cz\/wp-content\/uploads\/2019\/11\/9_9-150x150.jpg\" width=\"150\" height=\"150\" alt=\"\"\/><\/a><\/div> <\/div> <\/div>\n","protected":false},"excerpt":{"rendered":"<p>Spritzgu\u00dfteile werden an von uns enwickelten Montageanlagen komplettiert und veredelt. Poka Yoke mittels Laser, optischer Abfragen, Magneten, Taster etc. ist Standard. Folgende Verfahren werden \u00fcblicherweise Inline angewendet: Vibrationsschwei\u00dfen, Ultraschallschwei\u00dfen, Rotationsschwei\u00dfen, Spiegelschwei\u00dfen, Druckdifferenzpr\u00fcfung, Montage sehr komplexer Bauteile, Unterwasserdichtheitspr\u00fcfung kombiniert mit Druckdifferenz &nbsp;<\/p>\n","protected":false},"author":1,"featured_media":598,"parent":0,"menu_order":0,"comment_status":"closed","ping_status":"closed","template":"template-production.php","meta":{"_acf_changed":false,"footnotes":""},"class_list":["post-840","page","type-page","status-publish","has-post-thumbnail","hentry"],"acf":[],"yoast_head":"<!-- This site is optimized with the Yoast SEO plugin v23.9 - https:\/\/yoast.com\/wordpress\/plugins\/seo\/ -->\n<title>Technische Standards - Novatech<\/title>\n<meta name=\"robots\" content=\"index, follow, max-snippet:-1, max-image-preview:large, max-video-preview:-1\" \/>\n<link rel=\"canonical\" href=\"https:\/\/www.novatech-plastic.cz\/technicke-standarty\/\" \/>\n<meta property=\"og:locale\" content=\"de_DE\" \/>\n<meta property=\"og:type\" content=\"article\" \/>\n<meta property=\"og:title\" content=\"Technische Standards - Novatech\" \/>\n<meta property=\"og:description\" content=\"Spritzgu\u00dfteile werden an von uns enwickelten Montageanlagen komplettiert und veredelt. Poka Yoke mittels Laser, optischer Abfragen, Magneten, Taster etc. ist Standard. Folgende Verfahren werden \u00fcblicherweise Inline angewendet: Vibrationsschwei\u00dfen, Ultraschallschwei\u00dfen, Rotationsschwei\u00dfen, Spiegelschwei\u00dfen, Druckdifferenzpr\u00fcfung, Montage sehr komplexer Bauteile, Unterwasserdichtheitspr\u00fcfung kombiniert mit Druckdifferenz &nbsp;\" \/>\n<meta property=\"og:url\" content=\"https:\/\/www.novatech-plastic.cz\/technicke-standarty\/\" \/>\n<meta property=\"og:site_name\" content=\"Novatech\" \/>\n<meta property=\"article:modified_time\" content=\"2019-11-18T14:42:59+00:00\" \/>\n<meta property=\"og:image\" content=\"https:\/\/www.novatech-plastic.cz\/wp-content\/uploads\/2019\/11\/DSC_4374-techn.-Standards.jpg\" \/>\n\t<meta property=\"og:image:width\" content=\"1067\" \/>\n\t<meta property=\"og:image:height\" content=\"709\" \/>\n\t<meta property=\"og:image:type\" content=\"image\/jpeg\" \/>\n<meta name=\"twitter:card\" content=\"summary_large_image\" \/>\n<script type=\"application\/ld+json\" class=\"yoast-schema-graph\">{\"@context\":\"https:\/\/schema.org\",\"@graph\":[{\"@type\":\"WebPage\",\"@id\":\"https:\/\/www.novatech-plastic.cz\/technicke-standarty\/\",\"url\":\"https:\/\/www.novatech-plastic.cz\/technicke-standarty\/\",\"name\":\"Technische Standards - Novatech\",\"isPartOf\":{\"@id\":\"https:\/\/www.novatech-plastic.cz\/#website\"},\"primaryImageOfPage\":{\"@id\":\"https:\/\/www.novatech-plastic.cz\/technicke-standarty\/#primaryimage\"},\"image\":{\"@id\":\"https:\/\/www.novatech-plastic.cz\/technicke-standarty\/#primaryimage\"},\"thumbnailUrl\":\"https:\/\/www.novatech-plastic.cz\/wp-content\/uploads\/2019\/11\/DSC_4374-techn.-Standards.jpg\",\"datePublished\":\"2019-05-08T20:36:30+00:00\",\"dateModified\":\"2019-11-18T14:42:59+00:00\",\"breadcrumb\":{\"@id\":\"https:\/\/www.novatech-plastic.cz\/technicke-standarty\/#breadcrumb\"},\"inLanguage\":\"de\",\"potentialAction\":[{\"@type\":\"ReadAction\",\"target\":[\"https:\/\/www.novatech-plastic.cz\/technicke-standarty\/\"]}]},{\"@type\":\"ImageObject\",\"inLanguage\":\"de\",\"@id\":\"https:\/\/www.novatech-plastic.cz\/technicke-standarty\/#primaryimage\",\"url\":\"https:\/\/www.novatech-plastic.cz\/wp-content\/uploads\/2019\/11\/DSC_4374-techn.-Standards.jpg\",\"contentUrl\":\"https:\/\/www.novatech-plastic.cz\/wp-content\/uploads\/2019\/11\/DSC_4374-techn.-Standards.jpg\",\"width\":1067,\"height\":709},{\"@type\":\"BreadcrumbList\",\"@id\":\"https:\/\/www.novatech-plastic.cz\/technicke-standarty\/#breadcrumb\",\"itemListElement\":[{\"@type\":\"ListItem\",\"position\":1,\"name\":\"Dom\u016f\",\"item\":\"https:\/\/www.novatech-plastic.cz\/de\/\"},{\"@type\":\"ListItem\",\"position\":2,\"name\":\"Technische Standards\"}]},{\"@type\":\"WebSite\",\"@id\":\"https:\/\/www.novatech-plastic.cz\/#website\",\"url\":\"https:\/\/www.novatech-plastic.cz\/\",\"name\":\"Novatech\",\"description\":\"Dokonalost v technologii plast\u016f\",\"potentialAction\":[{\"@type\":\"SearchAction\",\"target\":{\"@type\":\"EntryPoint\",\"urlTemplate\":\"https:\/\/www.novatech-plastic.cz\/?s={search_term_string}\"},\"query-input\":{\"@type\":\"PropertyValueSpecification\",\"valueRequired\":true,\"valueName\":\"search_term_string\"}}],\"inLanguage\":\"de\"}]}<\/script>\n<!-- \/ Yoast SEO plugin. -->","yoast_head_json":{"title":"Technische Standards - Novatech","robots":{"index":"index","follow":"follow","max-snippet":"max-snippet:-1","max-image-preview":"max-image-preview:large","max-video-preview":"max-video-preview:-1"},"canonical":"https:\/\/www.novatech-plastic.cz\/technicke-standarty\/","og_locale":"de_DE","og_type":"article","og_title":"Technische Standards - Novatech","og_description":"Spritzgu\u00dfteile werden an von uns enwickelten Montageanlagen komplettiert und veredelt. Poka Yoke mittels Laser, optischer Abfragen, Magneten, Taster etc. ist Standard. Folgende Verfahren werden \u00fcblicherweise Inline angewendet: Vibrationsschwei\u00dfen, Ultraschallschwei\u00dfen, Rotationsschwei\u00dfen, Spiegelschwei\u00dfen, Druckdifferenzpr\u00fcfung, Montage sehr komplexer Bauteile, Unterwasserdichtheitspr\u00fcfung kombiniert mit Druckdifferenz &nbsp;","og_url":"https:\/\/www.novatech-plastic.cz\/technicke-standarty\/","og_site_name":"Novatech","article_modified_time":"2019-11-18T14:42:59+00:00","og_image":[{"width":1067,"height":709,"url":"https:\/\/www.novatech-plastic.cz\/wp-content\/uploads\/2019\/11\/DSC_4374-techn.-Standards.jpg","type":"image\/jpeg"}],"twitter_card":"summary_large_image","schema":{"@context":"https:\/\/schema.org","@graph":[{"@type":"WebPage","@id":"https:\/\/www.novatech-plastic.cz\/technicke-standarty\/","url":"https:\/\/www.novatech-plastic.cz\/technicke-standarty\/","name":"Technische Standards - Novatech","isPartOf":{"@id":"https:\/\/www.novatech-plastic.cz\/#website"},"primaryImageOfPage":{"@id":"https:\/\/www.novatech-plastic.cz\/technicke-standarty\/#primaryimage"},"image":{"@id":"https:\/\/www.novatech-plastic.cz\/technicke-standarty\/#primaryimage"},"thumbnailUrl":"https:\/\/www.novatech-plastic.cz\/wp-content\/uploads\/2019\/11\/DSC_4374-techn.-Standards.jpg","datePublished":"2019-05-08T20:36:30+00:00","dateModified":"2019-11-18T14:42:59+00:00","breadcrumb":{"@id":"https:\/\/www.novatech-plastic.cz\/technicke-standarty\/#breadcrumb"},"inLanguage":"de","potentialAction":[{"@type":"ReadAction","target":["https:\/\/www.novatech-plastic.cz\/technicke-standarty\/"]}]},{"@type":"ImageObject","inLanguage":"de","@id":"https:\/\/www.novatech-plastic.cz\/technicke-standarty\/#primaryimage","url":"https:\/\/www.novatech-plastic.cz\/wp-content\/uploads\/2019\/11\/DSC_4374-techn.-Standards.jpg","contentUrl":"https:\/\/www.novatech-plastic.cz\/wp-content\/uploads\/2019\/11\/DSC_4374-techn.-Standards.jpg","width":1067,"height":709},{"@type":"BreadcrumbList","@id":"https:\/\/www.novatech-plastic.cz\/technicke-standarty\/#breadcrumb","itemListElement":[{"@type":"ListItem","position":1,"name":"Dom\u016f","item":"https:\/\/www.novatech-plastic.cz\/de\/"},{"@type":"ListItem","position":2,"name":"Technische Standards"}]},{"@type":"WebSite","@id":"https:\/\/www.novatech-plastic.cz\/#website","url":"https:\/\/www.novatech-plastic.cz\/","name":"Novatech","description":"Dokonalost v technologii plast\u016f","potentialAction":[{"@type":"SearchAction","target":{"@type":"EntryPoint","urlTemplate":"https:\/\/www.novatech-plastic.cz\/?s={search_term_string}"},"query-input":{"@type":"PropertyValueSpecification","valueRequired":true,"valueName":"search_term_string"}}],"inLanguage":"de"}]}},"_links":{"self":[{"href":"https:\/\/www.novatech-plastic.cz\/de\/wp-json\/wp\/v2\/pages\/840","targetHints":{"allow":["GET"]}}],"collection":[{"href":"https:\/\/www.novatech-plastic.cz\/de\/wp-json\/wp\/v2\/pages"}],"about":[{"href":"https:\/\/www.novatech-plastic.cz\/de\/wp-json\/wp\/v2\/types\/page"}],"author":[{"embeddable":true,"href":"https:\/\/www.novatech-plastic.cz\/de\/wp-json\/wp\/v2\/users\/1"}],"replies":[{"embeddable":true,"href":"https:\/\/www.novatech-plastic.cz\/de\/wp-json\/wp\/v2\/comments?post=840"}],"version-history":[{"count":2,"href":"https:\/\/www.novatech-plastic.cz\/de\/wp-json\/wp\/v2\/pages\/840\/revisions"}],"predecessor-version":[{"id":869,"href":"https:\/\/www.novatech-plastic.cz\/de\/wp-json\/wp\/v2\/pages\/840\/revisions\/869"}],"wp:featuredmedia":[{"embeddable":true,"href":"https:\/\/www.novatech-plastic.cz\/de\/wp-json\/wp\/v2\/media\/598"}],"wp:attachment":[{"href":"https:\/\/www.novatech-plastic.cz\/de\/wp-json\/wp\/v2\/media?parent=840"}],"curies":[{"name":"wp","href":"https:\/\/api.w.org\/{rel}","templated":true}]}}