{"id":814,"date":"2019-05-08T22:35:18","date_gmt":"2019-05-08T20:35:18","guid":{"rendered":"http:\/\/www.novatech-plastic.cz\/kontakt\/"},"modified":"2019-11-18T15:11:11","modified_gmt":"2019-11-18T14:11:11","slug":"kontakt","status":"publish","type":"page","link":"https:\/\/www.novatech-plastic.cz\/de\/kontakt\/","title":{"rendered":"Kontakt"},"content":{"rendered":"<p>NOVATECH s.r.o.<br \/>\nVertretungsberechtigte Gesch\u00e4ftsf\u00fchrerin: Marta Pavelkov\u00e1<br \/>\n\u017d\u010e\u00c1RSK\u00c9HO 222, CZ 674 01 T\u0158EB\u00cd\u010c &#8211; \u010cESK\u00c1 REPUBLIKA<\/p>\n<p>IC: 255 91 231 DIC: CZ25591231<\/p>\n<p>Telefon: +420 568 620 700 | Fax: +420 568 620 701<\/p>\n<p>E-Mail: maskova@novatech-plastic.cz | Web: www.novatech-plastic.cz<\/p>\n","protected":false},"excerpt":{"rendered":"<p>NOVATECH s.r.o. Vertretungsberechtigte Gesch\u00e4ftsf\u00fchrerin: Marta Pavelkov\u00e1 \u017d\u010e\u00c1RSK\u00c9HO 222, CZ 674 01 T\u0158EB\u00cd\u010c &#8211; \u010cESK\u00c1 REPUBLIKA IC: 255 91 231 DIC: CZ25591231 Telefon: +420 568 620 700 | Fax: +420 568 620 701 E-Mail: maskova@novatech-plastic.cz | Web: www.novatech-plastic.cz<\/p>\n","protected":false},"author":1,"featured_media":516,"parent":0,"menu_order":0,"comment_status":"closed","ping_status":"closed","template":"template-contacts.php","meta":{"_acf_changed":false,"footnotes":""},"class_list":["post-814","page","type-page","status-publish","has-post-thumbnail","hentry"],"acf":[],"yoast_head":"<!-- This site is optimized with the Yoast SEO plugin v23.9 - https:\/\/yoast.com\/wordpress\/plugins\/seo\/ -->\n<title>Kontakt - Novatech<\/title>\n<meta name=\"robots\" content=\"index, follow, max-snippet:-1, max-image-preview:large, max-video-preview:-1\" \/>\n<link rel=\"canonical\" href=\"https:\/\/www.novatech-plastic.cz\/kontakt\/\" \/>\n<meta property=\"og:locale\" content=\"de_DE\" \/>\n<meta property=\"og:type\" content=\"article\" \/>\n<meta property=\"og:title\" content=\"Kontakt - Novatech\" \/>\n<meta property=\"og:description\" content=\"NOVATECH s.r.o. Vertretungsberechtigte Gesch\u00e4ftsf\u00fchrerin: Marta Pavelkov\u00e1 \u017d\u010e\u00c1RSK\u00c9HO 222, CZ 674 01 T\u0158EB\u00cd\u010c &#8211; \u010cESK\u00c1 REPUBLIKA IC: 255 91 231 DIC: CZ25591231 Telefon: +420 568 620 700 | Fax: +420 568 620 701 E-Mail: maskova@novatech-plastic.cz | Web: www.novatech-plastic.cz\" \/>\n<meta property=\"og:url\" content=\"https:\/\/www.novatech-plastic.cz\/kontakt\/\" \/>\n<meta property=\"og:site_name\" content=\"Novatech\" \/>\n<meta property=\"article:modified_time\" content=\"2019-11-18T14:11:11+00:00\" \/>\n<meta property=\"og:image\" content=\"https:\/\/www.novatech-plastic.cz\/wp-content\/uploads\/2019\/10\/obr_25-777-330.jpg\" \/>\n\t<meta property=\"og:image:width\" content=\"1808\" \/>\n\t<meta property=\"og:image:height\" content=\"768\" \/>\n\t<meta property=\"og:image:type\" content=\"image\/jpeg\" \/>\n<meta name=\"twitter:card\" content=\"summary_large_image\" \/>\n<script type=\"application\/ld+json\" class=\"yoast-schema-graph\">{\"@context\":\"https:\/\/schema.org\",\"@graph\":[{\"@type\":\"WebPage\",\"@id\":\"https:\/\/www.novatech-plastic.cz\/kontakt\/\",\"url\":\"https:\/\/www.novatech-plastic.cz\/kontakt\/\",\"name\":\"Kontakt - Novatech\",\"isPartOf\":{\"@id\":\"https:\/\/www.novatech-plastic.cz\/#website\"},\"primaryImageOfPage\":{\"@id\":\"https:\/\/www.novatech-plastic.cz\/kontakt\/#primaryimage\"},\"image\":{\"@id\":\"https:\/\/www.novatech-plastic.cz\/kontakt\/#primaryimage\"},\"thumbnailUrl\":\"https:\/\/www.novatech-plastic.cz\/wp-content\/uploads\/2019\/10\/obr_25-777-330.jpg\",\"datePublished\":\"2019-05-08T20:35:18+00:00\",\"dateModified\":\"2019-11-18T14:11:11+00:00\",\"breadcrumb\":{\"@id\":\"https:\/\/www.novatech-plastic.cz\/kontakt\/#breadcrumb\"},\"inLanguage\":\"de\",\"potentialAction\":[{\"@type\":\"ReadAction\",\"target\":[\"https:\/\/www.novatech-plastic.cz\/kontakt\/\"]}]},{\"@type\":\"ImageObject\",\"inLanguage\":\"de\",\"@id\":\"https:\/\/www.novatech-plastic.cz\/kontakt\/#primaryimage\",\"url\":\"https:\/\/www.novatech-plastic.cz\/wp-content\/uploads\/2019\/10\/obr_25-777-330.jpg\",\"contentUrl\":\"https:\/\/www.novatech-plastic.cz\/wp-content\/uploads\/2019\/10\/obr_25-777-330.jpg\",\"width\":1808,\"height\":768},{\"@type\":\"BreadcrumbList\",\"@id\":\"https:\/\/www.novatech-plastic.cz\/kontakt\/#breadcrumb\",\"itemListElement\":[{\"@type\":\"ListItem\",\"position\":1,\"name\":\"Dom\u016f\",\"item\":\"https:\/\/www.novatech-plastic.cz\/de\/\"},{\"@type\":\"ListItem\",\"position\":2,\"name\":\"Kontakt\"}]},{\"@type\":\"WebSite\",\"@id\":\"https:\/\/www.novatech-plastic.cz\/#website\",\"url\":\"https:\/\/www.novatech-plastic.cz\/\",\"name\":\"Novatech\",\"description\":\"Dokonalost v technologii plast\u016f\",\"potentialAction\":[{\"@type\":\"SearchAction\",\"target\":{\"@type\":\"EntryPoint\",\"urlTemplate\":\"https:\/\/www.novatech-plastic.cz\/?s={search_term_string}\"},\"query-input\":{\"@type\":\"PropertyValueSpecification\",\"valueRequired\":true,\"valueName\":\"search_term_string\"}}],\"inLanguage\":\"de\"}]}<\/script>\n<!-- \/ Yoast SEO plugin. -->","yoast_head_json":{"title":"Kontakt - Novatech","robots":{"index":"index","follow":"follow","max-snippet":"max-snippet:-1","max-image-preview":"max-image-preview:large","max-video-preview":"max-video-preview:-1"},"canonical":"https:\/\/www.novatech-plastic.cz\/kontakt\/","og_locale":"de_DE","og_type":"article","og_title":"Kontakt - Novatech","og_description":"NOVATECH s.r.o. Vertretungsberechtigte Gesch\u00e4ftsf\u00fchrerin: Marta Pavelkov\u00e1 \u017d\u010e\u00c1RSK\u00c9HO 222, CZ 674 01 T\u0158EB\u00cd\u010c &#8211; \u010cESK\u00c1 REPUBLIKA IC: 255 91 231 DIC: CZ25591231 Telefon: +420 568 620 700 | Fax: +420 568 620 701 E-Mail: maskova@novatech-plastic.cz | Web: www.novatech-plastic.cz","og_url":"https:\/\/www.novatech-plastic.cz\/kontakt\/","og_site_name":"Novatech","article_modified_time":"2019-11-18T14:11:11+00:00","og_image":[{"width":1808,"height":768,"url":"https:\/\/www.novatech-plastic.cz\/wp-content\/uploads\/2019\/10\/obr_25-777-330.jpg","type":"image\/jpeg"}],"twitter_card":"summary_large_image","schema":{"@context":"https:\/\/schema.org","@graph":[{"@type":"WebPage","@id":"https:\/\/www.novatech-plastic.cz\/kontakt\/","url":"https:\/\/www.novatech-plastic.cz\/kontakt\/","name":"Kontakt - Novatech","isPartOf":{"@id":"https:\/\/www.novatech-plastic.cz\/#website"},"primaryImageOfPage":{"@id":"https:\/\/www.novatech-plastic.cz\/kontakt\/#primaryimage"},"image":{"@id":"https:\/\/www.novatech-plastic.cz\/kontakt\/#primaryimage"},"thumbnailUrl":"https:\/\/www.novatech-plastic.cz\/wp-content\/uploads\/2019\/10\/obr_25-777-330.jpg","datePublished":"2019-05-08T20:35:18+00:00","dateModified":"2019-11-18T14:11:11+00:00","breadcrumb":{"@id":"https:\/\/www.novatech-plastic.cz\/kontakt\/#breadcrumb"},"inLanguage":"de","potentialAction":[{"@type":"ReadAction","target":["https:\/\/www.novatech-plastic.cz\/kontakt\/"]}]},{"@type":"ImageObject","inLanguage":"de","@id":"https:\/\/www.novatech-plastic.cz\/kontakt\/#primaryimage","url":"https:\/\/www.novatech-plastic.cz\/wp-content\/uploads\/2019\/10\/obr_25-777-330.jpg","contentUrl":"https:\/\/www.novatech-plastic.cz\/wp-content\/uploads\/2019\/10\/obr_25-777-330.jpg","width":1808,"height":768},{"@type":"BreadcrumbList","@id":"https:\/\/www.novatech-plastic.cz\/kontakt\/#breadcrumb","itemListElement":[{"@type":"ListItem","position":1,"name":"Dom\u016f","item":"https:\/\/www.novatech-plastic.cz\/de\/"},{"@type":"ListItem","position":2,"name":"Kontakt"}]},{"@type":"WebSite","@id":"https:\/\/www.novatech-plastic.cz\/#website","url":"https:\/\/www.novatech-plastic.cz\/","name":"Novatech","description":"Dokonalost v technologii plast\u016f","potentialAction":[{"@type":"SearchAction","target":{"@type":"EntryPoint","urlTemplate":"https:\/\/www.novatech-plastic.cz\/?s={search_term_string}"},"query-input":{"@type":"PropertyValueSpecification","valueRequired":true,"valueName":"search_term_string"}}],"inLanguage":"de"}]}},"_links":{"self":[{"href":"https:\/\/www.novatech-plastic.cz\/de\/wp-json\/wp\/v2\/pages\/814","targetHints":{"allow":["GET"]}}],"collection":[{"href":"https:\/\/www.novatech-plastic.cz\/de\/wp-json\/wp\/v2\/pages"}],"about":[{"href":"https:\/\/www.novatech-plastic.cz\/de\/wp-json\/wp\/v2\/types\/page"}],"author":[{"embeddable":true,"href":"https:\/\/www.novatech-plastic.cz\/de\/wp-json\/wp\/v2\/users\/1"}],"replies":[{"embeddable":true,"href":"https:\/\/www.novatech-plastic.cz\/de\/wp-json\/wp\/v2\/comments?post=814"}],"version-history":[{"count":1,"href":"https:\/\/www.novatech-plastic.cz\/de\/wp-json\/wp\/v2\/pages\/814\/revisions"}],"predecessor-version":[{"id":815,"href":"https:\/\/www.novatech-plastic.cz\/de\/wp-json\/wp\/v2\/pages\/814\/revisions\/815"}],"wp:featuredmedia":[{"embeddable":true,"href":"https:\/\/www.novatech-plastic.cz\/de\/wp-json\/wp\/v2\/media\/516"}],"wp:attachment":[{"href":"https:\/\/www.novatech-plastic.cz\/de\/wp-json\/wp\/v2\/media?parent=814"}],"curies":[{"name":"wp","href":"https:\/\/api.w.org\/{rel}","templated":true}]}}